{"id":1036,"date":"2023-03-27T15:12:03","date_gmt":"2023-03-27T14:12:03","guid":{"rendered":"https:\/\/www.hotel-jerphanion-cambaceres.fr\/?page_id=1036"},"modified":"2023-03-27T17:42:54","modified_gmt":"2023-03-27T16:42:54","slug":"acces","status":"publish","type":"page","link":"https:\/\/www.hotel-jerphanion-cambaceres.fr\/en\/acces\/","title":{"rendered":"Acc\u00e8s"},"content":{"rendered":"<div data-elementor-type=\"wp-page\" data-elementor-id=\"1036\" class=\"elementor elementor-1036\">\n\t\t\t\t\t\t\t\t\t<section class=\"elementor-section elementor-top-section elementor-element elementor-element-12cbb8b elementor-section-boxed elementor-section-height-default elementor-section-height-default\" data-id=\"12cbb8b\" data-element_type=\"section\">\n\t\t\t\t\t\t<div class=\"elementor-container elementor-column-gap-default\">\n\t\t\t\t\t<div class=\"elementor-column elementor-col-100 elementor-top-column elementor-element elementor-element-3473367\" data-id=\"3473367\" data-element_type=\"column\">\n\t\t\t<div class=\"elementor-widget-wrap elementor-element-populated\">\n\t\t\t\t\t\t\t\t<div class=\"elementor-element elementor-element-122592b elementor-widget elementor-widget-heading\" data-id=\"122592b\" data-element_type=\"widget\" data-widget_type=\"heading.default\">\n\t\t\t\t<div class=\"elementor-widget-container\">\n\t\t\t<style>\/*! elementor - v3.11.3 - 07-03-2023 *\/\n.elementor-heading-title{padding:0;margin:0;line-height:1}.elementor-widget-heading .elementor-heading-title[class*=elementor-size-]>a{color:inherit;font-size:inherit;line-height:inherit}.elementor-widget-heading .elementor-heading-title.elementor-size-small{font-size:15px}.elementor-widget-heading .elementor-heading-title.elementor-size-medium{font-size:19px}.elementor-widget-heading .elementor-heading-title.elementor-size-large{font-size:29px}.elementor-widget-heading .elementor-heading-title.elementor-size-xl{font-size:39px}.elementor-widget-heading .elementor-heading-title.elementor-size-xxl{font-size:59px}<\/style><h2 class=\"elementor-heading-title elementor-size-default\">Acc\u00e8s<\/h2>\t\t<\/div>\n\t\t\t\t<\/div>\n\t\t\t\t\t<\/div>\n\t\t<\/div>\n\t\t\t\t\t\t\t<\/div>\n\t\t<\/section>\n\t\t\t\t<section class=\"elementor-section elementor-top-section elementor-element elementor-element-a213923 elementor-section-boxed elementor-section-height-default elementor-section-height-default\" data-id=\"a213923\" data-element_type=\"section\">\n\t\t\t\t\t\t<div class=\"elementor-container elementor-column-gap-default\">\n\t\t\t\t\t<div class=\"elementor-column elementor-col-100 elementor-top-column elementor-element elementor-element-fc2964e\" data-id=\"fc2964e\" data-element_type=\"column\">\n\t\t\t<div class=\"elementor-widget-wrap elementor-element-populated\">\n\t\t\t\t\t\t\t\t<div class=\"elementor-element elementor-element-3b298b3 elementor-widget elementor-widget-text-editor\" data-id=\"3b298b3\" data-element_type=\"widget\" data-widget_type=\"text-editor.default\">\n\t\t\t\t<div class=\"elementor-widget-container\">\n\t\t\t<style>\/*! elementor - v3.11.3 - 07-03-2023 *\/\n.elementor-widget-text-editor.elementor-drop-cap-view-stacked .elementor-drop-cap{background-color:#818a91;color:#fff}.elementor-widget-text-editor.elementor-drop-cap-view-framed .elementor-drop-cap{color:#818a91;border:3px solid;background-color:transparent}.elementor-widget-text-editor:not(.elementor-drop-cap-view-default) .elementor-drop-cap{margin-top:8px}.elementor-widget-text-editor:not(.elementor-drop-cap-view-default) .elementor-drop-cap-letter{width:1em;height:1em}.elementor-widget-text-editor .elementor-drop-cap{float:left;text-align:center;line-height:1;font-size:50px}.elementor-widget-text-editor .elementor-drop-cap-letter{display:inline-block}<\/style>\t\t\t\t<p>Vous pouvez venir chez nous :<\/p><ul><li><strong>En voiture<\/strong>. 1h depuis Saint Etienne (RN88), 1h45 depuis Clermont-Ferrand (N102), 3h30 depuis Montpellier (A75 et N102).<\/li><li><strong>En train<\/strong>. 2h15 depuis Lyon ou Clermont-Ferrand, 4h30 depuis Paris. Possibilit\u00e9 de venir vous chercher \u00e0 la gare.<\/li><li><strong>En avion<\/strong>. A\u00e9roport de Loudes \u00e0 15 km du Puy. 1h10 depuis Paris-Orly. Un aller-retour quotidien. <a href=\"http:\/\/www.aerolepuy.fr\/\" target=\"_blank\" rel=\"noopener\">Site de l&rsquo;a\u00e9roport<\/a>.<\/li><li><strong>A pied<\/strong>. GR 765, GR3F, GR430&#8230; De nombreux itin\u00e9raires de grandes randonn\u00e9es font \u00e9tapes au Puy. Sans parler du GR65, chemin de Saint-Jacques dont la cit\u00e9 annicienne est le point de d\u00e9part. Consultez la <a href=\"https:\/\/www.mongr.fr\/trouver-prochaine-randonnee\/carte\" target=\"_blank\" rel=\"noopener\">carte compl\u00e8te des GR de France<\/a>.<\/li><li><b>A v\u00e9lo<\/b>. La <a href=\"https:\/\/www.francevelotourisme.com\/itineraire\/grande-traversee-du-massif-central-a-vtt\" target=\"_blank\" rel=\"noopener\">GTMC<\/a> et la <a href=\"https:\/\/www.francevelotourisme.com\/itineraire\/via-allier\" target=\"_blank\" rel=\"noopener\">Via Allier<\/a> passent \u00e0 proximit\u00e9. Une \u00e9tape est possible moyenne un petit d\u00e9tour. L&rsquo;une des extr\u00e9mit\u00e9 de la <a href=\"https:\/\/www.francevelotourisme.com\/itineraire\/via-fluvia\" target=\"_blank\" rel=\"noopener\">Via Fluvia<\/a> se situe \u00e0 13 km du Puy. Local s\u00e9curis\u00e9 pour garer vos v\u00e9los et mat\u00e9riel de r\u00e9paration \u00e0 disposition.<\/li><\/ul><div><strong>Note pour votre GPS<\/strong> : si notre adresse est bien le 15 rue Becdeli\u00e8vre, indiquez plut\u00f4t la <b>rue Gouteyron<\/b> \u00e0 votre application de navigation pr\u00e9f\u00e9r\u00e9e. Dans le cas contraire, vous risquez d&rsquo;\u00eatre quitte pour un d\u00e9tour pour les ruelles de la vieille ville, promenade qu&rsquo;il est pr\u00e9f\u00e9rable de faire \u00e0 pied plut\u00f4t qu&rsquo;en voiture.<\/div>\t\t\t\t\t\t<\/div>\n\t\t\t\t<\/div>\n\t\t\t\t\t<\/div>\n\t\t<\/div>\n\t\t\t\t\t\t\t<\/div>\n\t\t<\/section>\n\t\t\t\t<section class=\"elementor-section elementor-top-section elementor-element elementor-element-fa9ad2b elementor-section-boxed elementor-section-height-default elementor-section-height-default\" data-id=\"fa9ad2b\" data-element_type=\"section\">\n\t\t\t\t\t\t<div class=\"elementor-container elementor-column-gap-default\">\n\t\t\t\t\t<div class=\"elementor-column elementor-col-100 elementor-top-column elementor-element elementor-element-5980309\" data-id=\"5980309\" data-element_type=\"column\">\n\t\t\t<div class=\"elementor-widget-wrap elementor-element-populated\">\n\t\t\t\t\t\t\t\t<div class=\"elementor-element elementor-element-828c9c2 elementor-widget elementor-widget-google_maps\" data-id=\"828c9c2\" data-element_type=\"widget\" data-widget_type=\"google_maps.default\">\n\t\t\t\t<div class=\"elementor-widget-container\">\n\t\t\t<style>\/*! elementor - v3.11.3 - 07-03-2023 *\/\n.elementor-widget-google_maps .elementor-widget-container{overflow:hidden}.elementor-widget-google_maps .elementor-custom-embed{line-height:0}.elementor-widget-google_maps iframe{height:300px}<\/style>\t\t<div class=\"elementor-custom-embed\">\n\t\t\t<iframe loading=\"lazy\"\n\t\t\t\t\tsrc=\"https:\/\/www.google.com\/maps\/embed\/v1\/place?key=AIzaSyBIF7MKoDyLhpCwvBGVBFR9KWT2m7pBR2c&#038;q=Hotel%20jerphanion%20cambac%C3%A9r%C3%A8s&#038;zoom=10\"\n\t\t\t\t\ttitle=\"Hotel jerphanion cambac\u00e9r\u00e8s\"\n\t\t\t\t\taria-label=\"Hotel jerphanion cambac\u00e9r\u00e8s\"\n\t\t\t><\/iframe>\n\t\t<\/div>\n\t\t\t\t<\/div>\n\t\t\t\t<\/div>\n\t\t\t\t\t<\/div>\n\t\t<\/div>\n\t\t\t\t\t\t\t<\/div>\n\t\t<\/section>\n\t\t\t\t\t\t\t<\/div>","protected":false},"excerpt":{"rendered":"<p>Acc\u00e8s Vous pouvez venir chez nous : En voiture. 1h depuis Saint Etienne (RN88), 1h45 depuis Clermont-Ferrand (N102), 3h30 depuis Montpellier (A75 et N102). En train. 2h15 depuis Lyon ou Clermont-Ferrand, 4h30 depuis Paris. Possibilit\u00e9 de venir vous chercher \u00e0 la gare. En avion. A\u00e9roport de Loudes \u00e0 15 km du Puy. 1h10 depuis Paris-Orly. &hellip;<\/p>\n<p class=\"read-more\"> <a class=\"\" href=\"https:\/\/www.hotel-jerphanion-cambaceres.fr\/en\/acces\/\"> <span class=\"screen-reader-text\">Acc\u00e8s<\/span> Read More &raquo;<\/a><\/p>","protected":false},"author":1,"featured_media":0,"parent":0,"menu_order":0,"comment_status":"closed","ping_status":"closed","template":"","meta":{"_mi_skip_tracking":false,"site-sidebar-layout":"no-sidebar","site-content-layout":"page-builder","ast-global-header-display":"","ast-main-header-display":"","ast-hfb-above-header-display":"","ast-hfb-below-header-display":"","ast-hfb-mobile-header-display":"","site-post-title":"disabled","ast-breadcrumbs-content":"","ast-featured-img":"disabled","footer-sml-layout":"","theme-transparent-header-meta":"","adv-header-id-meta":"","stick-header-meta":"","header-above-stick-meta":"","header-main-stick-meta":"","header-below-stick-meta":""},"_links":{"self":[{"href":"https:\/\/www.hotel-jerphanion-cambaceres.fr\/en\/wp-json\/wp\/v2\/pages\/1036"}],"collection":[{"href":"https:\/\/www.hotel-jerphanion-cambaceres.fr\/en\/wp-json\/wp\/v2\/pages"}],"about":[{"href":"https:\/\/www.hotel-jerphanion-cambaceres.fr\/en\/wp-json\/wp\/v2\/types\/page"}],"author":[{"embeddable":true,"href":"https:\/\/www.hotel-jerphanion-cambaceres.fr\/en\/wp-json\/wp\/v2\/users\/1"}],"replies":[{"embeddable":true,"href":"https:\/\/www.hotel-jerphanion-cambaceres.fr\/en\/wp-json\/wp\/v2\/comments?post=1036"}],"version-history":[{"count":17,"href":"https:\/\/www.hotel-jerphanion-cambaceres.fr\/en\/wp-json\/wp\/v2\/pages\/1036\/revisions"}],"predecessor-version":[{"id":1061,"href":"https:\/\/www.hotel-jerphanion-cambaceres.fr\/en\/wp-json\/wp\/v2\/pages\/1036\/revisions\/1061"}],"wp:attachment":[{"href":"https:\/\/www.hotel-jerphanion-cambaceres.fr\/en\/wp-json\/wp\/v2\/media?parent=1036"}],"curies":[{"name":"wp","href":"https:\/\/api.w.org\/{rel}","templated":true}]}}