{"id":1264,"date":"2026-05-11T11:58:55","date_gmt":"2026-05-11T10:58:55","guid":{"rendered":"https:\/\/www.hotel-jerphanion-cambaceres.fr\/?page_id=1264"},"modified":"2026-05-11T12:00:24","modified_gmt":"2026-05-11T11:00:24","slug":"tarifs","status":"publish","type":"page","link":"https:\/\/www.hotel-jerphanion-cambaceres.fr\/en\/tarifs\/","title":{"rendered":"Tarifs"},"content":{"rendered":"<p>Retrouvez une description compl\u00e8te de notre suite sur la <a href=\"https:\/\/www.hotel-jerphanion-cambaceres.fr\/en\/suite-des-oiseaux\/\">page d\u00e9di\u00e9e<\/a><\/p>\n<ul>\n<li>190\u20ac pour une chambre double, petit d\u00e9jeuner inclu, place de parking gratuite et s\u00e9curis\u00e9e dans notre jardin privatif.<\/li>\n<li>30\u20ac par personnes suppl\u00e9mentaires (jusqu&rsquo;\u00e0 deux personnes suppl\u00e9mentaires), 15\u20ac pour les enfants de moins de six ans.<\/li>\n<\/ul>\n<p><a href=\"https:\/\/www.hotel-jerphanion-cambaceres.fr\/en\/contact-2\/\">Contact us<\/a> pour r\u00e9server.<\/p>","protected":false},"excerpt":{"rendered":"<p>Retrouvez une description compl\u00e8te de notre suite sur la page d\u00e9di\u00e9e 190\u20ac pour une chambre double, petit d\u00e9jeuner inclu, place de parking gratuite et s\u00e9curis\u00e9e dans notre jardin privatif. 30\u20ac par personnes suppl\u00e9mentaires (jusqu&rsquo;\u00e0 deux personnes suppl\u00e9mentaires), 15\u20ac pour les enfants de moins de six ans. Nous contacter pour r\u00e9server.<\/p>","protected":false},"author":1,"featured_media":0,"parent":0,"menu_order":0,"comment_status":"closed","ping_status":"closed","template":"","meta":{"_mi_skip_tracking":false,"site-sidebar-layout":"default","site-content-layout":"default","ast-global-header-display":"","ast-main-header-display":"","ast-hfb-above-header-display":"","ast-hfb-below-header-display":"","ast-hfb-mobile-header-display":"","site-post-title":"","ast-breadcrumbs-content":"","ast-featured-img":"","footer-sml-layout":"","theme-transparent-header-meta":"","adv-header-id-meta":"","stick-header-meta":"","header-above-stick-meta":"","header-main-stick-meta":"","header-below-stick-meta":""},"_links":{"self":[{"href":"https:\/\/www.hotel-jerphanion-cambaceres.fr\/en\/wp-json\/wp\/v2\/pages\/1264"}],"collection":[{"href":"https:\/\/www.hotel-jerphanion-cambaceres.fr\/en\/wp-json\/wp\/v2\/pages"}],"about":[{"href":"https:\/\/www.hotel-jerphanion-cambaceres.fr\/en\/wp-json\/wp\/v2\/types\/page"}],"author":[{"embeddable":true,"href":"https:\/\/www.hotel-jerphanion-cambaceres.fr\/en\/wp-json\/wp\/v2\/users\/1"}],"replies":[{"embeddable":true,"href":"https:\/\/www.hotel-jerphanion-cambaceres.fr\/en\/wp-json\/wp\/v2\/comments?post=1264"}],"version-history":[{"count":2,"href":"https:\/\/www.hotel-jerphanion-cambaceres.fr\/en\/wp-json\/wp\/v2\/pages\/1264\/revisions"}],"predecessor-version":[{"id":1266,"href":"https:\/\/www.hotel-jerphanion-cambaceres.fr\/en\/wp-json\/wp\/v2\/pages\/1264\/revisions\/1266"}],"wp:attachment":[{"href":"https:\/\/www.hotel-jerphanion-cambaceres.fr\/en\/wp-json\/wp\/v2\/media?parent=1264"}],"curies":[{"name":"wp","href":"https:\/\/api.w.org\/{rel}","templated":true}]}}