{"id":288,"date":"2013-12-23T10:23:34","date_gmt":"2013-12-23T10:23:34","guid":{"rendered":"http:\/\/localhost\/wpnation\/?page_id=288"},"modified":"2023-03-08T11:35:58","modified_gmt":"2023-03-08T10:35:58","slug":"histoire","status":"publish","type":"page","link":"https:\/\/www.hotel-jerphanion-cambaceres.fr\/en\/histoire\/","title":{"rendered":"House story"},"content":{"rendered":"<p>[header type=\u00a0\u00bbh2&Prime;] Construite en 1725 [\/header]<\/p>\n<p>L\u2019H\u00f4tel de Jerphanion Cambac\u00e9res est un h\u00f4tel particulier du XVIII ieme situ\u00e9 dans le c\u0153ur historique de la ville du Puy en Velay, secteur prot\u00e9g\u00e9 par l&rsquo;UNESCO. Cette tr\u00e8s belle demeure est en partie class\u00e9e et dispose d&rsquo;un jardin.<\/p>\n<p>[blockquote]La maison a \u00e9t\u00e9 restaur\u00e9e par le sculpteur Philippe Kaeppelin et est une \u00ab\u00a0maison d&rsquo;artistes\u00a0\u00bb. Son fils Dominique et sa femme Brehed, artistes \u00e9galement,vous accueillent&#8230;[\/blockquote]<\/p>\n<p>Le d\u00e9cor de la maison est empreint de po\u00e9sie, peupl\u00e9 d&rsquo;oiseaux imaginaires et d\u2019\u0153uvres nombreuses. La maison est tout \u00e0 fait exceptionnelle, c&rsquo;est une des plus belles maisons du Puy.<br \/>\nVieille cit\u00e9 mariale et grand d\u00e9part pour St Jacques de Compostelle, Le Puy offre de tr\u00e8s nombreuses visites (guid\u00e9es ou th\u00e9\u00e2tralis\u00e9es) de la vieille ville, le Rocher de St Michel d&rsquo;Aiguilhe,le clo\u00eetre, le Camino, l\u2019H\u00f4tel Dieu. La ville est aux portes des sources de la Loire et d&rsquo;une nature sauvage (randonn\u00e9es, sports d&rsquo;eau vive, golf \u00e0 9 trous, centre aqualudique, etc&#8230;), nombreux festivals l&rsquo;\u00e9t\u00e9 : festival des cuivres du Monastier, festival de la Chaise Dieu, les Musicales, Interfolk etc&#8230;, F\u00eates renaissances du Roi de l&rsquo;Oiseau en Septembre.<\/p>","protected":false},"excerpt":{"rendered":"<p>[header type=\u00a0\u00bbh2&Prime;] Construite en 1725 [\/header] L\u2019H\u00f4tel de Jerphanion Cambac\u00e9res est un h\u00f4tel particulier du XVIII ieme situ\u00e9 dans le c\u0153ur historique de la ville du Puy en Velay, secteur prot\u00e9g\u00e9 par l&rsquo;UNESCO. Cette tr\u00e8s belle demeure est en partie class\u00e9e et dispose d&rsquo;un jardin. [blockquote]La maison a \u00e9t\u00e9 restaur\u00e9e par le sculpteur Philippe Kaeppelin &hellip;<\/p>\n<p class=\"read-more\"> <a class=\"\" href=\"https:\/\/www.hotel-jerphanion-cambaceres.fr\/en\/histoire\/\"> <span class=\"screen-reader-text\">House story<\/span> Read More &raquo;<\/a><\/p>","protected":false},"author":1,"featured_media":0,"parent":0,"menu_order":0,"comment_status":"open","ping_status":"open","template":"page.php","meta":{"_mi_skip_tracking":false,"site-sidebar-layout":"default","site-content-layout":"default","ast-global-header-display":"","ast-main-header-display":"","ast-hfb-above-header-display":"","ast-hfb-below-header-display":"","ast-hfb-mobile-header-display":"","site-post-title":"","ast-breadcrumbs-content":"","ast-featured-img":"","footer-sml-layout":"","theme-transparent-header-meta":"","adv-header-id-meta":"","stick-header-meta":"","header-above-stick-meta":"","header-main-stick-meta":"","header-below-stick-meta":""},"_links":{"self":[{"href":"https:\/\/www.hotel-jerphanion-cambaceres.fr\/en\/wp-json\/wp\/v2\/pages\/288"}],"collection":[{"href":"https:\/\/www.hotel-jerphanion-cambaceres.fr\/en\/wp-json\/wp\/v2\/pages"}],"about":[{"href":"https:\/\/www.hotel-jerphanion-cambaceres.fr\/en\/wp-json\/wp\/v2\/types\/page"}],"author":[{"embeddable":true,"href":"https:\/\/www.hotel-jerphanion-cambaceres.fr\/en\/wp-json\/wp\/v2\/users\/1"}],"replies":[{"embeddable":true,"href":"https:\/\/www.hotel-jerphanion-cambaceres.fr\/en\/wp-json\/wp\/v2\/comments?post=288"}],"version-history":[{"count":4,"href":"https:\/\/www.hotel-jerphanion-cambaceres.fr\/en\/wp-json\/wp\/v2\/pages\/288\/revisions"}],"predecessor-version":[{"id":873,"href":"https:\/\/www.hotel-jerphanion-cambaceres.fr\/en\/wp-json\/wp\/v2\/pages\/288\/revisions\/873"}],"wp:attachment":[{"href":"https:\/\/www.hotel-jerphanion-cambaceres.fr\/en\/wp-json\/wp\/v2\/media?parent=288"}],"curies":[{"name":"wp","href":"https:\/\/api.w.org\/{rel}","templated":true}]}}